{"id":281,"date":"2023-09-03T01:06:28","date_gmt":"2023-09-02T23:06:28","guid":{"rendered":"https:\/\/izzydistribution.com\/?page_id=281"},"modified":"2023-09-08T13:33:53","modified_gmt":"2023-09-08T17:33:53","slug":"contactez-nous","status":"publish","type":"page","link":"https:\/\/izzydistribution.com\/?page_id=281","title":{"rendered":"Contactez nous"},"content":{"rendered":"<style>.kb-row-layout-id281_fee420-e3 > .kt-row-column-wrap{align-content:start;}:where(.kb-row-layout-id281_fee420-e3 > .kt-row-column-wrap) > .wp-block-kadence-column{justify-content:start;}.kb-row-layout-id281_fee420-e3 > .kt-row-column-wrap{column-gap:var(--global-kb-gap-md, 2rem);row-gap:var(--global-kb-gap-md, 2rem);padding-top:var(--global-kb-spacing-sm, 1.5rem);padding-bottom:var(--global-kb-spacing-sm, 1.5rem);grid-template-columns:minmax(0, 1fr);}.kb-row-layout-id281_fee420-e3 > .kt-row-layout-overlay{opacity:0.30;}@media all and (max-width: 1024px){.kb-row-layout-id281_fee420-e3 > .kt-row-column-wrap{grid-template-columns:minmax(0, 1fr);}}@media all and (max-width: 767px){.kb-row-layout-id281_fee420-e3 > .kt-row-column-wrap{grid-template-columns:minmax(0, 1fr);}}<\/style><div class=\"kb-row-layout-wrap kb-row-layout-id281_fee420-e3 alignnone wp-block-kadence-rowlayout\"><div class=\"kt-row-column-wrap kt-has-2-columns kt-row-layout-row kt-tab-layout-inherit kt-mobile-layout-row kt-row-valign-top\">\n<style>.kadence-column281_70faff-b9 > .kt-inside-inner-col,.kadence-column281_70faff-b9 > .kt-inside-inner-col:before{border-top-left-radius:0px;border-top-right-radius:0px;border-bottom-right-radius:0px;border-bottom-left-radius:0px;}.kadence-column281_70faff-b9 > .kt-inside-inner-col{column-gap:var(--global-kb-gap-sm, 1rem);}.kadence-column281_70faff-b9 > .kt-inside-inner-col{flex-direction:column;}.kadence-column281_70faff-b9 > .kt-inside-inner-col > .aligncenter{width:100%;}.kadence-column281_70faff-b9 > .kt-inside-inner-col:before{opacity:0.3;}.kadence-column281_70faff-b9{position:relative;}@media all and (max-width: 1024px){.kadence-column281_70faff-b9 > .kt-inside-inner-col{flex-direction:column;justify-content:center;}}@media all and (max-width: 767px){.kadence-column281_70faff-b9 > .kt-inside-inner-col{flex-direction:column;justify-content:center;}}<\/style>\n<div class=\"wp-block-kadence-column kadence-column281_70faff-b9\"><div class=\"kt-inside-inner-col\"><style>.wp-block-kadence-advancedheading.kt-adv-heading281_dbceda-f9, .wp-block-kadence-advancedheading.kt-adv-heading281_dbceda-f9[data-kb-block=\"kb-adv-heading281_dbceda-f9\"]{font-style:normal;}.wp-block-kadence-advancedheading.kt-adv-heading281_dbceda-f9 mark.kt-highlight, .wp-block-kadence-advancedheading.kt-adv-heading281_dbceda-f9[data-kb-block=\"kb-adv-heading281_dbceda-f9\"] mark.kt-highlight{font-style:normal;color:#f76a0c;-webkit-box-decoration-break:clone;box-decoration-break:clone;padding-top:0px;padding-right:0px;padding-bottom:0px;padding-left:0px;}<\/style>\n<h2 class=\"kt-adv-heading281_dbceda-f9 wp-block-kadence-advancedheading\" data-kb-block=\"kb-adv-heading281_dbceda-f9\">nous rejoindre <\/h2>\n\n\n<style>.wp-block-kadence-advancedheading.kt-adv-heading281_ef26bc-61, .wp-block-kadence-advancedheading.kt-adv-heading281_ef26bc-61[data-kb-block=\"kb-adv-heading281_ef26bc-61\"]{padding-left:0px;margin-left:0px;font-size:var(--global-kb-font-size-md, 1.25rem);font-weight:400;font-style:normal;font-family:-apple-system,BlinkMacSystemFont,\"Segoe UI\",Roboto,Oxygen-Sans,Ubuntu,Cantarell,\"Helvetica Neue\",sans-serif, \"Apple Color Emoji\", \"Segoe UI Emoji\", \"Segoe UI Symbol\";}.wp-block-kadence-advancedheading.kt-adv-heading281_ef26bc-61 mark.kt-highlight, .wp-block-kadence-advancedheading.kt-adv-heading281_ef26bc-61[data-kb-block=\"kb-adv-heading281_ef26bc-61\"] mark.kt-highlight{font-style:normal;color:#f76a0c;-webkit-box-decoration-break:clone;box-decoration-break:clone;padding-top:0px;padding-right:0px;padding-bottom:0px;padding-left:0px;}@media all and (max-width: 767px){.wp-block-kadence-advancedheading.kt-adv-heading281_ef26bc-61, .wp-block-kadence-advancedheading.kt-adv-heading281_ef26bc-61[data-kb-block=\"kb-adv-heading281_ef26bc-61\"]{font-size:var(--global-kb-font-size-md, 1.25rem);}}<\/style>\n<h2 class=\"kt-adv-heading281_ef26bc-61 wp-block-kadence-advancedheading\" data-kb-block=\"kb-adv-heading281_ef26bc-61\">Pour d&rsquo;autres questions concernant nos services, n&rsquo;h\u00e9sitez pas a nous contacter via le formulaire ci-dessous, par courriel ou par t\u00e9l\u00e9phone.<\/h2>\n<\/div><\/div>\n\n\n<style>.kadence-column281_c465d1-b9 > .kt-inside-inner-col,.kadence-column281_c465d1-b9 > .kt-inside-inner-col:before{border-top-left-radius:0px;border-top-right-radius:0px;border-bottom-right-radius:0px;border-bottom-left-radius:0px;}.kadence-column281_c465d1-b9 > .kt-inside-inner-col{column-gap:var(--global-kb-gap-sm, 1rem);}.kadence-column281_c465d1-b9 > .kt-inside-inner-col{flex-direction:column;}.kadence-column281_c465d1-b9 > .kt-inside-inner-col > .aligncenter{width:100%;}.kadence-column281_c465d1-b9 > .kt-inside-inner-col:before{opacity:0.3;}.kadence-column281_c465d1-b9{position:relative;}@media all and (max-width: 1024px){.kadence-column281_c465d1-b9 > .kt-inside-inner-col{flex-direction:column;justify-content:center;}}@media all and (max-width: 767px){.kadence-column281_c465d1-b9 > .kt-inside-inner-col{flex-direction:column;justify-content:center;}}<\/style>\n<div class=\"wp-block-kadence-column kadence-column281_c465d1-b9\"><div class=\"kt-inside-inner-col\"><style>.wp-block-kadence-form.kadence-form-281_93fe2e-4e.kb-form-wrap{margin-right:var(--global-kb-spacing-4xl, 8rem);}.kadence-form-281_93fe2e-4e .kb-form .kadence-blocks-form-field{margin-bottom:0px;}.kadence-form-281_93fe2e-4e .kb-form .kadence-blocks-form-field{padding-right:0px;padding-left:0px;}.kadence-form-281_93fe2e-4e .kb-form{margin-right:-0px;margin-left:-0px;}.kadence-form-281_93fe2e-4e .kb-form .kadence-blocks-form-field .kb-text-style-field, .kadence-form-281_93fe2e-4e .kb-form .kadence-blocks-form-field .kb-select-style-field{border-radius:10px;font-size:var(--global-kb-font-size-sm, 0.9rem);line-height:63px;border-width:2px 2px 2px 2px;background:#fdece1;border-color:var(--global-palette4, #2D3748);}.kadence-form-281_93fe2e-4e .kb-form .kadence-blocks-form-field .kb-text-style-field{padding-top:0px;padding-right:0px;padding-bottom:0px;padding-left:0px;}.kadence-form-281_93fe2e-4e .kb-form .kadence-blocks-form-field > label{font-size:var(--global-kb-font-size-md, 1.25rem);letter-spacing:0px;}.kadence-form-281_93fe2e-4e .kb-form .kadence-blocks-form-field .kb-forms-submit{border-radius:12px;border-width:0px 0px 0px 0px;background:#ee9232;}.kadence-form-281_93fe2e-4e .kb-form .kadence-blocks-form-field .kb-forms-submit{padding-top:21px;padding-right:21px;padding-bottom:21px;padding-left:21px;}.kadence-form-281_93fe2e-4e .kb-form .kadence-blocks-form-field .kb-forms-submit{margin-top:25px;margin-right:25px;margin-bottom:25px;margin-left:25px;}.kadence-form-281_93fe2e-4e .kb-form .kadence-blocks-form-field .kb-forms-submit{font-size:var(--global-kb-font-size-md, 1.25rem);line-height:5px;letter-spacing:0px;text-transform:capitalize;}.kadence-form-281_93fe2e-4e .kadence-blocks-form-success{color:var(--global-palette3, #1A202C);border-color:var(--global-palette3, #1A202C);background:var(--global-palette3, #1A202C);}.kadence-form-281_93fe2e-4e .kadence-blocks-form-message, .kadence-form-281_93fe2e-4e .kb-form-error-msg{border-width:0px 0px 0px 0px;font-size:var(--global-kb-font-size-sm, 0.9rem);line-height:10px;letter-spacing:5px;padding-top:0px;padding-right:3px;padding-bottom:0px;padding-left:0px;}.kb-form input.kadence-blocks-field.verify{opacity:0.0;position:absolute;top:0.0;left:0.0;width:0.0;height:0.0;z-index:-1;}@media all and (max-width: 1024px){.kadence-form-281_93fe2e-4e .kb-form .kadence-blocks-form-field .kb-text-style-field{padding-top:0px;padding-right:0px;padding-bottom:0px;padding-left:0px;}}@media all and (max-width: 767px){.kadence-form-281_93fe2e-4e .kb-form .kadence-blocks-form-field .kb-text-style-field{padding-top:0px;padding-right:0px;padding-bottom:0px;padding-left:0px;}}<\/style>\n<div class=\"wp-block-kadence-form kadence-form-281_93fe2e-4e kb-form-wrap\"><form class=\"kb-form\" action=\"\" method=\"post\"><div class=\"kadence-blocks-form-field kb-field-desk-width-80 kb-input-size-custom\"><label for=\"kb_field_281_93fe2e-4e_0\">Name<span class=\"required\">*<\/span><\/label><input name=\"kb_field_0\" id=\"kb_field_281_93fe2e-4e_0\" data-label=\"Name\" type=\"text\" placeholder=\"\" value=\"\" data-type=\"text\" class=\"kb-field kb-text-style-field kb-text-field kb-field-0\" data-required=\"yes\"\/><\/div><div class=\"kadence-blocks-form-field kb-form-field-1 kb-field-desk-width-100 kb-input-size-custom\"><label for=\"kb_field_281_93fe2e-4e_1\">Email<span class=\"required\">*<\/span><\/label><input name=\"kb_field_1\" id=\"kb_field_281_93fe2e-4e_1\" data-label=\"Email\" type=\"email\" placeholder=\"\" value=\"\" data-type=\"email\" class=\"kb-field kb-text-style-field kb-email-field kb-field-1\" data-required=\"yes\"\/><\/div><div class=\"kadence-blocks-form-field kb-form-field-2 kb-field-desk-width-100 kb-input-size-custom\"><label for=\"kb_field_281_93fe2e-4e_2\">Message<span class=\"required\">*<\/span><\/label><textarea name=\"kb_field_2\" id=\"kb_field_281_93fe2e-4e_2\" data-label=\"Message\" type=\"textarea\" placeholder=\"\" data-type=\"textarea\" class=\"kb-field kb-text-style-field kb-textarea-field kb-field-2\" rows=\"1\" data-required=\"yes\"><\/textarea><\/div><input type=\"hidden\" name=\"_kb_form_id\" value=\"281_93fe2e-4e\"\/><input type=\"hidden\" name=\"_kb_form_post_id\" value=\"281\"\/><input type=\"hidden\" name=\"action\" value=\"kb_process_ajax_submit\"\/><label class=\"kadence-verify-label\">Email<input class=\"kadence-blocks-field verify\" type=\"text\" name=\"_kb_verify_email\" autocomplete=\"new-password\" aria-hidden=\"true\" placeholder=\"Email\" tabindex=\"-1\" data-1p-ignore=\"true\" data-lpignore=\"true\" \/><\/label><div class=\"kadence-blocks-form-field kb-submit-field kb-field-desk-width-100\"><button class=\"kb-forms-submit button kb-button-size-custom kb-button-width-auto\">Submit<\/button><\/div><\/form><\/div>\n<noscript><div class=\"kadence-blocks-form-message kadence-blocks-form-warning\">Veuillez activer JavaScript dans votre navigateur pour envoyer le formulaire.<\/div><style>.kadence-form-281_93fe2e-4e .kadence-blocks-form-field.kb-submit-field { display: none; }<\/style><\/noscript><\/div><\/div>\n\n<\/div><\/div>","protected":false},"excerpt":{"rendered":"<p>nous rejoindre Pour d&rsquo;autres questions concernant nos services, n&rsquo;h\u00e9sitez pas a nous contacter via le formulaire ci-dessous, par courriel ou par t\u00e9l\u00e9phone.<\/p>\n","protected":false},"author":1,"featured_media":0,"parent":0,"menu_order":0,"comment_status":"closed","ping_status":"closed","template":"","meta":{"_kadence_starter_templates_imported_post":false,"_kad_post_transparent":"default","_kad_post_title":"hide","_kad_post_layout":"","_kad_post_sidebar_id":"","_kad_post_content_style":"unboxed","_kad_post_vertical_padding":"","_kad_post_feature":"","_kad_post_feature_position":"","_kad_post_header":false,"_kad_post_footer":false,"_kad_post_classname":"","footnotes":""},"class_list":["post-281","page","type-page","status-publish","hentry"],"_links":{"self":[{"href":"https:\/\/izzydistribution.com\/index.php?rest_route=\/wp\/v2\/pages\/281","targetHints":{"allow":["GET"]}}],"collection":[{"href":"https:\/\/izzydistribution.com\/index.php?rest_route=\/wp\/v2\/pages"}],"about":[{"href":"https:\/\/izzydistribution.com\/index.php?rest_route=\/wp\/v2\/types\/page"}],"author":[{"embeddable":true,"href":"https:\/\/izzydistribution.com\/index.php?rest_route=\/wp\/v2\/users\/1"}],"replies":[{"embeddable":true,"href":"https:\/\/izzydistribution.com\/index.php?rest_route=%2Fwp%2Fv2%2Fcomments&post=281"}],"version-history":[{"count":45,"href":"https:\/\/izzydistribution.com\/index.php?rest_route=\/wp\/v2\/pages\/281\/revisions"}],"predecessor-version":[{"id":700,"href":"https:\/\/izzydistribution.com\/index.php?rest_route=\/wp\/v2\/pages\/281\/revisions\/700"}],"wp:attachment":[{"href":"https:\/\/izzydistribution.com\/index.php?rest_route=%2Fwp%2Fv2%2Fmedia&parent=281"}],"curies":[{"name":"wp","href":"https:\/\/api.w.org\/{rel}","templated":true}]}}