{"id":236,"date":"2023-08-31T22:32:47","date_gmt":"2023-08-31T20:32:47","guid":{"rendered":"https:\/\/izzydistribution.com\/?page_id=236"},"modified":"2023-08-31T22:32:47","modified_gmt":"2023-08-31T20:32:47","slug":"politique-de-confidentialite","status":"publish","type":"page","link":"https:\/\/izzydistribution.com\/?page_id=236","title":{"rendered":"Politique de confidentialit\u00e9"},"content":{"rendered":"<style>.wp-block-kadence-advancedheading.kt-adv-heading236_ed0ccf-29, .wp-block-kadence-advancedheading.kt-adv-heading236_ed0ccf-29[data-kb-block=\"kb-adv-heading236_ed0ccf-29\"]{font-style:normal;}.wp-block-kadence-advancedheading.kt-adv-heading236_ed0ccf-29 mark.kt-highlight, .wp-block-kadence-advancedheading.kt-adv-heading236_ed0ccf-29[data-kb-block=\"kb-adv-heading236_ed0ccf-29\"] mark.kt-highlight{font-style:normal;color:#f76a0c;-webkit-box-decoration-break:clone;box-decoration-break:clone;padding-top:0px;padding-right:0px;padding-bottom:0px;padding-left:0px;}<\/style>\n<h2 class=\"kt-adv-heading236_ed0ccf-29 wp-block-kadence-advancedheading\" data-kb-block=\"kb-adv-heading236_ed0ccf-29\">d\u00e9sol\u00e9, nous avons pr\u00e9sentement des d\u00e9lais en raison de la logistique du site. <\/h2>\n\n\n<style>.wp-block-kadence-advancedheading.kt-adv-heading236_8bc034-c4, .wp-block-kadence-advancedheading.kt-adv-heading236_8bc034-c4[data-kb-block=\"kb-adv-heading236_8bc034-c4\"]{font-style:normal;}.wp-block-kadence-advancedheading.kt-adv-heading236_8bc034-c4 mark.kt-highlight, .wp-block-kadence-advancedheading.kt-adv-heading236_8bc034-c4[data-kb-block=\"kb-adv-heading236_8bc034-c4\"] mark.kt-highlight{font-style:normal;color:#f76a0c;-webkit-box-decoration-break:clone;box-decoration-break:clone;padding-top:0px;padding-right:0px;padding-bottom:0px;padding-left:0px;}<\/style>\n<h2 class=\"kt-adv-heading236_8bc034-c4 wp-block-kadence-advancedheading\" data-kb-block=\"kb-adv-heading236_8bc034-c4\">merci de votre compr\u00e9hension. <\/h2>\n","protected":false},"excerpt":{"rendered":"<p>d\u00e9sol\u00e9, nous avons pr\u00e9sentement des d\u00e9lais en raison de la logistique du site. merci de votre compr\u00e9hension.<\/p>\n","protected":false},"author":1,"featured_media":0,"parent":0,"menu_order":0,"comment_status":"closed","ping_status":"closed","template":"","meta":{"_kadence_starter_templates_imported_post":false,"_kad_post_transparent":"","_kad_post_title":"","_kad_post_layout":"","_kad_post_sidebar_id":"","_kad_post_content_style":"","_kad_post_vertical_padding":"","_kad_post_feature":"","_kad_post_feature_position":"","_kad_post_header":false,"_kad_post_footer":false,"_kad_post_classname":"","footnotes":""},"class_list":["post-236","page","type-page","status-publish","hentry"],"_links":{"self":[{"href":"https:\/\/izzydistribution.com\/index.php?rest_route=\/wp\/v2\/pages\/236","targetHints":{"allow":["GET"]}}],"collection":[{"href":"https:\/\/izzydistribution.com\/index.php?rest_route=\/wp\/v2\/pages"}],"about":[{"href":"https:\/\/izzydistribution.com\/index.php?rest_route=\/wp\/v2\/types\/page"}],"author":[{"embeddable":true,"href":"https:\/\/izzydistribution.com\/index.php?rest_route=\/wp\/v2\/users\/1"}],"replies":[{"embeddable":true,"href":"https:\/\/izzydistribution.com\/index.php?rest_route=%2Fwp%2Fv2%2Fcomments&post=236"}],"version-history":[{"count":1,"href":"https:\/\/izzydistribution.com\/index.php?rest_route=\/wp\/v2\/pages\/236\/revisions"}],"predecessor-version":[{"id":237,"href":"https:\/\/izzydistribution.com\/index.php?rest_route=\/wp\/v2\/pages\/236\/revisions\/237"}],"wp:attachment":[{"href":"https:\/\/izzydistribution.com\/index.php?rest_route=%2Fwp%2Fv2%2Fmedia&parent=236"}],"curies":[{"name":"wp","href":"https:\/\/api.w.org\/{rel}","templated":true}]}}